{"id":9,"date":"2023-09-07T22:08:08","date_gmt":"2023-09-07T22:08:08","guid":{"rendered":"https:\/\/movitmudanzas.wordpress.com\/about\/"},"modified":"2023-09-07T22:08:08","modified_gmt":"2023-09-07T22:08:08","slug":"about","status":"publish","type":"page","link":"https:\/\/movitmudanzas.com\/index.php\/about\/","title":{"rendered":"Acerca de"},"content":{"rendered":"<p>Este es un ejemplo de p\u00e1gina. A diferencia de las entradas, que se muestran en la p\u00e1gina de inicio de tu blog en el orden en que se publicaron, las p\u00e1ginas se ajustan mejor a un contenido atemporal que quiere ser m\u00e1s accesible, como tu informaci\u00f3n de contacto o sobre ti. Haz clic en el enlace Editar para realizar cambios en esta p\u00e1gina o <a title=\"Direct link to Add New in the Admin Dashboard\" href=\"\/wp-admin\/post-new.php?post_type=page\">a\u00f1ade otra p\u00e1gina<\/a>.<\/p>\n","protected":false},"excerpt":{"rendered":"<p>Este es un ejemplo de p\u00e1gina. A diferencia de las entradas, que se muestran en la p\u00e1gina de inicio de tu blog en el orden en que se publicaron, las p\u00e1ginas se ajustan mejor a un contenido atemporal que quiere ser m\u00e1s accesible, como tu informaci\u00f3n de contacto o sobre ti. Haz clic en el [&hellip;]<\/p>\n","protected":false},"author":1,"featured_media":0,"parent":0,"menu_order":0,"comment_status":"closed","ping_status":"closed","template":"","meta":{"footnotes":""},"class_list":["post-9","page","type-page","status-publish","hentry"],"_links":{"self":[{"href":"https:\/\/movitmudanzas.com\/index.php\/wp-json\/wp\/v2\/pages\/9","targetHints":{"allow":["GET"]}}],"collection":[{"href":"https:\/\/movitmudanzas.com\/index.php\/wp-json\/wp\/v2\/pages"}],"about":[{"href":"https:\/\/movitmudanzas.com\/index.php\/wp-json\/wp\/v2\/types\/page"}],"author":[{"embeddable":true,"href":"https:\/\/movitmudanzas.com\/index.php\/wp-json\/wp\/v2\/users\/1"}],"replies":[{"embeddable":true,"href":"https:\/\/movitmudanzas.com\/index.php\/wp-json\/wp\/v2\/comments?post=9"}],"version-history":[{"count":0,"href":"https:\/\/movitmudanzas.com\/index.php\/wp-json\/wp\/v2\/pages\/9\/revisions"}],"wp:attachment":[{"href":"https:\/\/movitmudanzas.com\/index.php\/wp-json\/wp\/v2\/media?parent=9"}],"curies":[{"name":"wp","href":"https:\/\/api.w.org\/{rel}","templated":true}]}}